{"id":2464,"date":"2019-11-17T20:59:31","date_gmt":"2019-11-17T23:59:31","guid":{"rendered":"http:\/\/dupladinamica.com.br\/?page_id=2464"},"modified":"2024-07-18T20:07:59","modified_gmt":"2024-07-18T23:07:59","slug":"negocios-sociais","status":"publish","type":"page","link":"https:\/\/ecam.org.br\/en\/negocios-sociais\/","title":{"rendered":"Neg\u00f3cios Sociais"},"content":{"rendered":"<div class=\"wpb-content-wrapper\"><section class=\"vc_section nsps ns\"><div class=\"vc_row wpb_row vc_row-fluid container-fluid vc_custom_1574005045631 vc_column-gap-30\"><div class=\"wpb_column vc_column_container vc_col-sm-2\"><div class=\"vc_column-inner\"><div class=\"wpb_wrapper\"><\/div><\/div><\/div><div class=\"wpb_column vc_column_container vc_col-sm-8\"><div class=\"vc_column-inner\"><div class=\"wpb_wrapper\">\n\t<div class=\"wpb_text_column wpb_content_element\" >\n\t\t<div class=\"wpb_wrapper\">\n\t\t\t<h1 style=\"text-align: center;\">Neg\u00f3cios Sociais<\/h1>\n\n\t\t<\/div>\n\t<\/div>\n<div class=\"vc_empty_space\"   style=\"height: 20px\"><span class=\"vc_empty_space_inner\"><\/span><\/div>\n\t<div class=\"wpb_text_column wpb_content_element\" >\n\t\t<div class=\"wpb_wrapper\">\n\t\t\t<p style=\"text-align: center;\">Com foco em iniciativas estrat\u00e9gicas com o setor privado, Ecam Neg\u00f3cios Sociais atua no relacionamento com stakeholders, na implementa\u00e7\u00e3o de modelos de mecanismos financeiros e no desenvolvimento de boas pr\u00e1ticas que potencializem resultados de investimentos sociais.<\/p>\n\n\t\t<\/div>\n\t<\/div>\n<\/div><\/div><\/div><div class=\"wpb_column vc_column_container vc_col-sm-2\"><div class=\"vc_column-inner\"><div class=\"wpb_wrapper\"><\/div><\/div><\/div><\/div><\/section><section id=\"nsps-video\" class=\"vc_section nsps ns vc_custom_1574035103531 vc_section-has-fill\"><div class=\"vc_row wpb_row vc_row-fluid\"><div class=\"nsps-video-left wpb_column vc_column_container vc_col-sm-6\"><div class=\"vc_column-inner\"><div class=\"wpb_wrapper\"><div class=\"vc_empty_space\"   style=\"height: 20px\"><span class=\"vc_empty_space_inner\"><\/span><\/div>\n\t<div class=\"wpb_text_column wpb_content_element\" >\n\t\t<div class=\"wpb_wrapper\">\n\t\t\t<p>A Ecam Neg\u00f3cios Sociais tem um formato pr\u00f3prio de Neg\u00f3cio Social que promove a parceria entre setor p\u00fablico, privado, sociedade e preserva\u00e7\u00e3o do meio ambiente, oferecendo benef\u00edcios como: potencializa\u00e7\u00e3o de investimentos sociais, constru\u00e7\u00e3o e implementa\u00e7\u00e3o de processos de licenciamento social, melhoria do relacionamento com comunidades locais, al\u00e9m do impacto positivo no valor de mercado da marca do empreendimento, devido a sua contribui\u00e7\u00e3o ao desenvolvimento sustent\u00e1vel.<\/p>\n<p>Por meio de uma profunda an\u00e1lise das atividades de impacto, a Ecam com toda expertise adquirida durante anos, oferece servi\u00e7os personalizados que se adequam as necessidades de cada empresa parceira. Por isso, trabalhamos com empreendimentos que buscam solu\u00e7\u00f5es ou redu\u00e7\u00f5es de gargalos sociais e ambientais, promovendo a a\u00e7\u00e3o integrada em todos os seus setores de atua\u00e7\u00e3o e proporcionando o equil\u00edbrio entre o desenvolvimento econ\u00f4mico, o bem-estar social e a preserva\u00e7\u00e3o do meio ambiente, atrav\u00e9s de um modelo integrado de investimento social.<\/p>\n<p>Com anos de experi\u00eancia no mercado, a Ecam formou uma equipe s\u00f3lida e multidisciplinar que se compromete em entregar solu\u00e7\u00f5es eficazes que garantam retorno para o neg\u00f3cio.<\/p>\n\n\t\t<\/div>\n\t<\/div>\n<\/div><\/div><\/div><div class=\"wpb_column vc_column_container vc_col-sm-6\"><div class=\"vc_column-inner\"><div class=\"wpb_wrapper\">\n\t<div class=\"wpb_video_widget wpb_content_element vc_clearfix   vc_video-aspect-ratio-169 vc_video-el-width-100 vc_video-align-center\" >\n\t\t<div class=\"wpb_wrapper\">\n\t\t\t\n\t\t\t<div class=\"wpb_video_wrapper\"><iframe loading=\"lazy\" title=\"Ecam Neg\u00f3cios Sociais\" width=\"500\" height=\"281\" src=\"https:\/\/www.youtube.com\/embed\/eXG1fBphy0M?feature=oembed\" frameborder=\"0\" allow=\"accelerometer; autoplay; clipboard-write; encrypted-media; gyroscope; picture-in-picture; web-share\" referrerpolicy=\"strict-origin-when-cross-origin\" allowfullscreen><\/iframe><\/div>\n\t\t<\/div>\n\t<\/div>\n<\/div><\/div><\/div><\/div><\/section><section class=\"vc_section nsps ns vc_custom_1574035465236 vc_section-has-fill\"><div class=\"vc_row wpb_row vc_row-fluid container-fluid vc_custom_1576501958371 vc_column-gap-30\"><div class=\"wpb_column vc_column_container vc_col-sm-2\"><div class=\"vc_column-inner\"><div class=\"wpb_wrapper\"><\/div><\/div><\/div><div class=\"wpb_column vc_column_container vc_col-sm-8\"><div class=\"vc_column-inner\"><div class=\"wpb_wrapper\">\n\t<div class=\"wpb_text_column wpb_content_element\" >\n\t\t<div class=\"wpb_wrapper\">\n\t\t\t<p>Dessa forma, oferecemos diferentes formatos de servi\u00e7os \u00e0s empresas parceiras, assim como \u00e0 sociedade. S\u00e3o eles:<\/p>\n<ul>\n<li><strong>Consultoria socioambiental e de relacionamento;<\/strong><\/li>\n<li><strong>An\u00e1lises socioambientais;<\/strong><\/li>\n<li><strong>Processos de consentimento pr\u00e9vio, livre e informado;<\/strong><\/li>\n<li><strong>Media\u00e7\u00e3o de conflitos socioambientais;<\/strong><\/li>\n<li><strong>Gest\u00e3o de fundos e constru\u00e7\u00e3o de mecanismos financeiros eficientes,<\/strong><\/li>\n<li><strong>Compensa\u00e7\u00e3o de carbono (REDD+)<\/strong><\/li>\n<\/ul>\n\n\t\t<\/div>\n\t<\/div>\n<\/div><\/div><\/div><div class=\"wpb_column vc_column_container vc_col-sm-2\"><div class=\"vc_column-inner\"><div class=\"wpb_wrapper\"><\/div><\/div><\/div><\/div><div class=\"vc_row wpb_row vc_row-fluid icon-line\"><div class=\"wpb_column vc_column_container vc_col-sm-12\"><div class=\"vc_column-inner\"><div class=\"wpb_wrapper\"><div class=\"vc_icon_element vc_icon_element-outer vc_do_icon vc_icon_element-align-center\"><div class=\"vc_icon_element-inner vc_icon_element-color-custom vc_icon_element-size-xs vc_icon_element-style- vc_icon_element-background-color-grey\" ><span class=\"vc_icon_element-icon fa fa-angle-down\" style=\"color:rgba(254,206,48,0) !important\"><\/span><\/div><\/div><\/div><\/div><\/div><\/div><\/section>\n<\/div>","protected":false},"excerpt":{"rendered":"Neg\u00f3cios Sociais Com foco em iniciativas estrat\u00e9gicas com o setor privado, Ecam Neg\u00f3cios Sociais atua no relacionamento com stakeholders, na implementa\u00e7\u00e3o de modelos de mecanismos financeiros e no desenvolvimento de boas pr\u00e1ticas que potencializem resultados de investimentos sociais. A Ecam Neg\u00f3cios Sociais tem um formato pr\u00f3prio de Neg\u00f3cio Social que promove a parceria entre setor [...]","protected":false},"author":2,"featured_media":0,"parent":0,"menu_order":0,"comment_status":"closed","ping_status":"closed","template":"page-ns-back.php","meta":{"_acf_changed":false,"footnotes":""},"class_list":["post-2464","page","type-page","status-publish","hentry"],"acf":[],"post_mailing_queue_ids":[],"_links":{"self":[{"href":"https:\/\/ecam.org.br\/en\/wp-json\/wp\/v2\/pages\/2464","targetHints":{"allow":["GET"]}}],"collection":[{"href":"https:\/\/ecam.org.br\/en\/wp-json\/wp\/v2\/pages"}],"about":[{"href":"https:\/\/ecam.org.br\/en\/wp-json\/wp\/v2\/types\/page"}],"author":[{"embeddable":true,"href":"https:\/\/ecam.org.br\/en\/wp-json\/wp\/v2\/users\/2"}],"replies":[{"embeddable":true,"href":"https:\/\/ecam.org.br\/en\/wp-json\/wp\/v2\/comments?post=2464"}],"version-history":[{"count":12,"href":"https:\/\/ecam.org.br\/en\/wp-json\/wp\/v2\/pages\/2464\/revisions"}],"predecessor-version":[{"id":2590,"href":"https:\/\/ecam.org.br\/en\/wp-json\/wp\/v2\/pages\/2464\/revisions\/2590"}],"wp:attachment":[{"href":"https:\/\/ecam.org.br\/en\/wp-json\/wp\/v2\/media?parent=2464"}],"curies":[{"name":"wp","href":"https:\/\/api.w.org\/{rel}","templated":true}]}}