{"id":30,"date":"2016-01-12T13:07:03","date_gmt":"2016-01-12T13:07:03","guid":{"rendered":"http:\/\/dupladinamica.com.br\/?page_id=30"},"modified":"2025-11-05T09:14:26","modified_gmt":"2025-11-05T12:14:26","slug":"home-2","status":"publish","type":"page","link":"https:\/\/ecam.org.br\/en\/","title":{"rendered":"HOME"},"content":{"rendered":"<div class=\"wpb-content-wrapper\"><div class=\"vc_row wpb_row vc_row-fluid\"><div class=\"wpb_column vc_column_container vc_col-sm-12\"><div class=\"vc_column-inner\"><div class=\"wpb_wrapper\">\t\t\t<script src=\"\/\/ecam.org.br\/wp-content\/plugins\/revslider\/sr6\/assets\/js\/rbtools.min.js?rev=6.7.29\"><\/script>\n\t\t\t<script src=\"\/\/ecam.org.br\/wp-content\/plugins\/revslider\/sr6\/assets\/js\/rs6.min.js?rev=6.7.29\"><\/script>\n\n\t\t\t<!-- START Home Slider REVOLUTION SLIDER 6.7.29 --><p class=\"rs-p-wp-fix\"><\/p>\n\t\t\t<rs-module-wrap id=\"rev_slider_1_1_wrapper\" data-source=\"gallery\" style=\"visibility:hidden;background:transparent;padding:0;margin:0px auto;margin-top:0;margin-bottom:0;\">\n\t\t\t\t<rs-module id=\"rev_slider_1_1\" style=\"\" data-version=\"6.7.29\">\n\t\t\t\t\t<rs-slides style=\"overflow: hidden; position: absolute;\">\n\t\t\t\t\t\t<rs-slide style=\"position: absolute;\" data-key=\"rs-1\" data-title=\"Slide\" data-thumb=\"\/\/ecam.org.br\/wp-content\/uploads\/2025\/03\/Banner-1.png\" data-in=\"o:0;\" data-out=\"a:false;\">\n\t\t\t\t\t\t\t<img decoding=\"async\" src=\"\/\/ecam.org.br\/wp-content\/plugins\/revslider\/sr6\/assets\/assets\/dummy.png\" alt=\"\" width=\"1920\" height=\"1080\" class=\"rev-slidebg tp-rs-img rs-lazyload\" data-lazyload=\"\/\/ecam.org.br\/wp-content\/plugins\/revslider\/sr6\/assets\/assets\/transparent.png\" data-no-retina>\n<!--\n\t\t\t\t\t\t\t--><rs-layer\n\t\t\t\t\t\t\t\tid=\"slider-1-slide-1-layer-8\" \n\t\t\t\t\t\t\t\tdata-type=\"text\"\n\t\t\t\t\t\t\t\tdata-rsp_ch=\"on\"\n\t\t\t\t\t\t\t\tdata-xy=\"xo:223px,223px,105px,110px;yo:310px,310px,169px,133px;\"\n\t\t\t\t\t\t\t\tdata-text=\"w:normal;s:64;l:72;\"\n\t\t\t\t\t\t\t\tdata-frame_999=\"o:0;st:w;\"\n\t\t\t\t\t\t\t\tstyle=\"z-index:9;font-family:'Roboto';\"\n\t\t\t\t\t\t\t><strong style=\"font-size: 1em; font-weight: 700;\">Local solution,<br \/>\nwith global impact.<br \/>\nMeet Ecam. <\/strong> \n\t\t\t\t\t\t\t<\/rs-layer><!--\n\n\t\t\t\t\t\t\t--><a\n\t\t\t\t\t\t\t\tid=\"slider-1-slide-1-layer-16\" \n\t\t\t\t\t\t\t\tclass=\"rs-layer rev-btn\"\n\t\t\t\t\t\t\t\thref=\"https:\/\/ecam.org.br\/en\/blog\/em-25-anostransformamos-muitas-vidas-e-o-ambiente-aoredor-delas\/\" target=\"_self\" rel=\"nofollow\"\n\t\t\t\t\t\t\t\tdata-type=\"button\"\n\t\t\t\t\t\t\t\tdata-color=\"#262424\"\n\t\t\t\t\t\t\t\tdata-xy=\"xo:180px,180px,87px,49px;yo:610px,610px,462px,224px;\"\n\t\t\t\t\t\t\t\tdata-text=\"w:normal;s:18,18,12,16;l:46,46,34,37;fw:500;a:center;\"\n\t\t\t\t\t\t\t\tdata-dim=\"w:231px,231px,224px,153px;h:auto,auto,auto,41px;minh:0,0,none,none;\"\n\t\t\t\t\t\t\t\tdata-rsp_o=\"off\"\n\t\t\t\t\t\t\t\tdata-rsp_bd=\"off\"\n\t\t\t\t\t\t\t\tdata-padding=\"t:5,5,3,2;r:25,25,16,20;b:5,5,3,2;l:25,25,16,20;\"\n\t\t\t\t\t\t\t\tdata-frame_999=\"o:0;st:w;sR:4700;\"\n\t\t\t\t\t\t\t\tdata-frame_hover=\"c:#fff;bgc:#fcc426;bor:0px,0px,0px,0px;sp:200;e:power1.inOut;\"\n\t\t\t\t\t\t\t\tstyle=\"z-index:8;background-color:#71a95e;font-family:'Montserrat';text-transform:uppercase;\"\n\t\t\t\t\t\t\t>LEARN MORE \n\t\t\t\t\t\t\t<\/a><!--\n\n\t\t\t\t\t\t\t--><rs-layer\n\t\t\t\t\t\t\t\tid=\"slider-1-slide-1-layer-19\" \n\t\t\t\t\t\t\t\tdata-type=\"image\"\n\t\t\t\t\t\t\t\tdata-rsp_ch=\"on\"\n\t\t\t\t\t\t\t\tdata-text=\"w:normal;\"\n\t\t\t\t\t\t\t\tdata-dim=\"w:[&#039;100%&#039;,&#039;100%&#039;,&#039;100%&#039;,&#039;100%&#039;];h:[&#039;100%&#039;,&#039;100%&#039;,&#039;100%&#039;,&#039;100%&#039;];\"\n\t\t\t\t\t\t\t\tdata-vbility=\"t,t,f,f\"\n\t\t\t\t\t\t\t\tdata-frame_999=\"o:0;st:w;\"\n\t\t\t\t\t\t\t\tstyle=\"z-index:6;\"\n\t\t\t\t\t\t\t><img decoding=\"async\" src=\"\/\/ecam.org.br\/wp-content\/plugins\/revslider\/sr6\/assets\/assets\/dummy.png\" alt=\"\" class=\"tp-rs-img rs-lazyload\" data-lazyload=\"\/\/ecam.org.br\/wp-content\/uploads\/2025\/03\/Banner-1-1.png\" data-c=\"cover\" data-no-retina> \n\t\t\t\t\t\t\t<\/rs-layer><!--\n\n\t\t\t\t\t\t\t--><rs-layer\n\t\t\t\t\t\t\t\tid=\"slider-1-slide-1-layer-23\" \n\t\t\t\t\t\t\t\tdata-type=\"image\"\n\t\t\t\t\t\t\t\tdata-rsp_ch=\"on\"\n\t\t\t\t\t\t\t\tdata-xy=\"xo:384px,384px,0,0;yo:-18px,-18px,0,0;\"\n\t\t\t\t\t\t\t\tdata-text=\"w:normal;\"\n\t\t\t\t\t\t\t\tdata-dim=\"w:[&#039;100%&#039;,&#039;100%&#039;,&#039;100%&#039;,&#039;100%&#039;];h:[&#039;100%&#039;,&#039;100%&#039;,&#039;100%&#039;,&#039;100%&#039;];\"\n\t\t\t\t\t\t\t\tdata-vbility=\"f,f,t,t\"\n\t\t\t\t\t\t\t\tdata-frame_999=\"o:0;st:w;\"\n\t\t\t\t\t\t\t\tstyle=\"z-index:7;\"\n\t\t\t\t\t\t\t><img decoding=\"async\" src=\"\/\/ecam.org.br\/wp-content\/plugins\/revslider\/sr6\/assets\/assets\/dummy.png\" alt=\"\" class=\"tp-rs-img rs-lazyload\" width=\"720\" height=\"853\" data-lazyload=\"\/\/ecam.org.br\/wp-content\/uploads\/2025\/03\/Banne-1-720-1.png\" data-c=\"cover\" data-no-retina> \n\t\t\t\t\t\t\t<\/rs-layer><!--\n-->\t\t\t\t\t<\/rs-slide>\n\t\t\t\t\t\t<rs-slide style=\"position: absolute;\" data-key=\"rs-5\" data-title=\"Slide\" data-thumb=\"\/\/ecam.org.br\/wp-content\/uploads\/2025\/03\/Banner-2_.png\" data-in=\"o:0;\" data-out=\"a:false;\">\n\t\t\t\t\t\t\t<img decoding=\"async\" src=\"\/\/ecam.org.br\/wp-content\/plugins\/revslider\/sr6\/assets\/assets\/dummy.png\" alt=\"Slide\" class=\"rev-slidebg tp-rs-img rs-lazyload\" data-lazyload=\"\/\/ecam.org.br\/wp-content\/plugins\/revslider\/sr6\/assets\/assets\/transparent.png\" data-no-retina>\n<!--\n\t\t\t\t\t\t\t--><a\n\t\t\t\t\t\t\t\tid=\"slider-1-slide-5-layer-5\" \n\t\t\t\t\t\t\t\tclass=\"rs-layer rev-btn\"\n\t\t\t\t\t\t\t\thref=\"https:\/\/ecam.org.br\/en\/blog\/em-25-anostransformamos-muitas-vidas-e-o-ambiente-aoredor-delas\/\" target=\"_self\" rel=\"nofollow\"\n\t\t\t\t\t\t\t\tdata-type=\"button\"\n\t\t\t\t\t\t\t\tdata-color=\"#262424\"\n\t\t\t\t\t\t\t\tdata-xy=\"xo:180px,180px,55px,31px;yo:610px,610px,460px,224px;\"\n\t\t\t\t\t\t\t\tdata-text=\"w:normal;s:18,18,12,16;l:46,46,34,37;fw:500;a:center;\"\n\t\t\t\t\t\t\t\tdata-dim=\"w:231px,231px,224px,153px;h:auto,auto,auto,41px;minh:0,0,none,none;\"\n\t\t\t\t\t\t\t\tdata-rsp_o=\"off\"\n\t\t\t\t\t\t\t\tdata-rsp_bd=\"off\"\n\t\t\t\t\t\t\t\tdata-padding=\"t:5,5,5,2;r:25,25,25,20;b:5,5,5,2;l:25,25,25,20;\"\n\t\t\t\t\t\t\t\tdata-frame_0=\"x:0,0,0px,0px;y:0,0,0px,0px;\"\n\t\t\t\t\t\t\t\tdata-frame_1=\"x:0,0,0px,0px;y:0,0,0px,0px;\"\n\t\t\t\t\t\t\t\tdata-frame_999=\"o:0;st:w;sR:4700;\"\n\t\t\t\t\t\t\t\tdata-frame_hover=\"c:#fff;bgc:#fcc426;bor:0px,0px,0px,0px;sp:200;e:power1.inOut;\"\n\t\t\t\t\t\t\t\tstyle=\"z-index:8;background-color:#71a95e;font-family:'Montserrat';text-transform:uppercase;\"\n\t\t\t\t\t\t\t>LEARN MORE \n\t\t\t\t\t\t\t<\/a><!--\n\n\t\t\t\t\t\t\t--><rs-layer\n\t\t\t\t\t\t\t\tid=\"slider-1-slide-5-layer-6\" \n\t\t\t\t\t\t\t\tdata-type=\"text\"\n\t\t\t\t\t\t\t\tdata-xy=\"xo:251px,251px,74px,34px;yo:338px,338px,133px,50px;\"\n\t\t\t\t\t\t\t\tdata-text=\"w:normal;s:62,62,62,45;l:65,65,66,47;a:inherit;\"\n\t\t\t\t\t\t\t\tdata-dim=\"w:861px,861px,480px,387px;h:auto,auto,221px,159px;\"\n\t\t\t\t\t\t\t\tdata-rsp_o=\"off\"\n\t\t\t\t\t\t\t\tdata-rsp_bd=\"off\"\n\t\t\t\t\t\t\t\tdata-frame_999=\"o:0;st:w;\"\n\t\t\t\t\t\t\t\tstyle=\"z-index:9;font-family:'Roboto';\"\n\t\t\t\t\t\t\t><strong style=\"font-size: 1em; font-weight: 700;\">In 25 years, <br \/>\nwe transform <br \/>\nmany lives. <\/strong> \n\t\t\t\t\t\t\t<\/rs-layer><!--\n\n\t\t\t\t\t\t\t--><rs-layer\n\t\t\t\t\t\t\t\tid=\"slider-1-slide-5-layer-11\" \n\t\t\t\t\t\t\t\tdata-type=\"image\"\n\t\t\t\t\t\t\t\tdata-rsp_ch=\"on\"\n\t\t\t\t\t\t\t\tdata-text=\"w:normal;\"\n\t\t\t\t\t\t\t\tdata-dim=\"w:[&#039;100%&#039;,&#039;100%&#039;,&#039;100%&#039;,&#039;100%&#039;];h:[&#039;100%&#039;,&#039;100%&#039;,&#039;100%&#039;,&#039;100%&#039;];\"\n\t\t\t\t\t\t\t\tdata-vbility=\"t,t,f,f\"\n\t\t\t\t\t\t\t\tdata-frame_999=\"o:0;st:w;\"\n\t\t\t\t\t\t\t\tstyle=\"z-index:6;\"\n\t\t\t\t\t\t\t><img decoding=\"async\" src=\"\/\/ecam.org.br\/wp-content\/plugins\/revslider\/sr6\/assets\/assets\/dummy.png\" alt=\"Ecam 25 anos. Imagem de um mulher local.\" class=\"tp-rs-img rs-lazyload\" width=\"1920\" height=\"853\" data-lazyload=\"\/\/ecam.org.br\/wp-content\/uploads\/2025\/04\/Banner-2_.png\" data-c=\"cover\" data-no-retina> \n\t\t\t\t\t\t\t<\/rs-layer><!--\n\n\t\t\t\t\t\t\t--><rs-layer\n\t\t\t\t\t\t\t\tid=\"slider-1-slide-5-layer-24\" \n\t\t\t\t\t\t\t\tdata-type=\"image\"\n\t\t\t\t\t\t\t\tdata-rsp_ch=\"on\"\n\t\t\t\t\t\t\t\tdata-xy=\"xo:422px,422px,0,0;yo:67px,67px,0,0;\"\n\t\t\t\t\t\t\t\tdata-text=\"w:normal;\"\n\t\t\t\t\t\t\t\tdata-dim=\"w:[&#039;100%&#039;,&#039;100%&#039;,&#039;100%&#039;,&#039;100%&#039;];h:[&#039;100%&#039;,&#039;100%&#039;,&#039;100%&#039;,&#039;100%&#039;];\"\n\t\t\t\t\t\t\t\tdata-vbility=\"f,f,t,t\"\n\t\t\t\t\t\t\t\tdata-frame_999=\"o:0;st:w;\"\n\t\t\t\t\t\t\t\tstyle=\"z-index:7;\"\n\t\t\t\t\t\t\t><img decoding=\"async\" src=\"\/\/ecam.org.br\/wp-content\/plugins\/revslider\/sr6\/assets\/assets\/dummy.png\" alt=\"\" class=\"tp-rs-img rs-lazyload\" width=\"720\" height=\"853\" data-lazyload=\"\/\/ecam.org.br\/wp-content\/uploads\/2025\/04\/Banne-2-720.png\" data-c=\"cover\" data-no-retina> \n\t\t\t\t\t\t\t<\/rs-layer><!--\n-->\t\t\t\t\t<\/rs-slide>\n\t\t\t\t\t\t<rs-slide style=\"position: absolute;\" data-key=\"rs-6\" data-title=\"Slide\" data-thumb=\"\/\/ecam.org.br\/wp-content\/uploads\/2025\/03\/Banner-3.png\" data-in=\"o:0;\" data-out=\"a:false;\">\n\t\t\t\t\t\t\t<img decoding=\"async\" src=\"\/\/ecam.org.br\/wp-content\/plugins\/revslider\/sr6\/assets\/assets\/dummy.png\" alt=\"Slide\" class=\"rev-slidebg tp-rs-img rs-lazyload\" data-lazyload=\"\/\/ecam.org.br\/wp-content\/plugins\/revslider\/sr6\/assets\/assets\/transparent.png\" data-no-retina>\n<!--\n\t\t\t\t\t\t\t--><rs-layer\n\t\t\t\t\t\t\t\tid=\"slider-1-slide-6-layer-2\" \n\t\t\t\t\t\t\t\tdata-type=\"text\"\n\t\t\t\t\t\t\t\tdata-color=\"#fff||#fff||#fff||#ffffff\"\n\t\t\t\t\t\t\t\tdata-rsp_ch=\"on\"\n\t\t\t\t\t\t\t\tdata-xy=\"xo:256px,256px,70px,84px;yo:348px,348px,166px,164px;\"\n\t\t\t\t\t\t\t\tdata-text=\"w:normal;s:58,58,73,63;l:55,55,66,59;fw:500;\"\n\t\t\t\t\t\t\t\tdata-dim=\"w:699,699,671,620px;h:233,233,auto,auto;minh:0,0,none,none;\"\n\t\t\t\t\t\t\t\tdata-frame_999=\"o:0;st:w;\"\n\t\t\t\t\t\t\t\tstyle=\"z-index:9;font-family:'Roboto';\"\n\t\t\t\t\t\t\t><strong style=\"font-size: 1em; font-weight: 700;\">After all, what <br \/>\nis the market of<br \/>\n carbon?<\/strong><br \/>\n \n\t\t\t\t\t\t\t<\/rs-layer><!--\n\n\t\t\t\t\t\t\t--><a\n\t\t\t\t\t\t\t\tid=\"slider-1-slide-6-layer-17\" \n\t\t\t\t\t\t\t\tclass=\"rs-layer rev-btn\"\n\t\t\t\t\t\t\t\thref=\"https:\/\/ecam.org.br\/en\/nao-categorizado\/afinal-o-que-e-o-futuro-do-carbono\/\" target=\"_self\" rel=\"nofollow\"\n\t\t\t\t\t\t\t\tdata-type=\"button\"\n\t\t\t\t\t\t\t\tdata-color=\"#262424\"\n\t\t\t\t\t\t\t\tdata-xy=\"xo:180px,180px,55px,34px;yo:610px,610px,460px,224px;\"\n\t\t\t\t\t\t\t\tdata-text=\"w:normal;s:18,18,12,16;l:46,46,34,37;fw:500;a:center;\"\n\t\t\t\t\t\t\t\tdata-dim=\"w:231px,231px,224px,153px;h:auto,auto,auto,41px;minh:0,0,none,none;\"\n\t\t\t\t\t\t\t\tdata-rsp_o=\"off\"\n\t\t\t\t\t\t\t\tdata-rsp_bd=\"off\"\n\t\t\t\t\t\t\t\tdata-padding=\"t:5,5,4,2;r:25,25,19,20;b:5,5,4,2;l:25,25,19,20;\"\n\t\t\t\t\t\t\t\tdata-frame_0=\"x:0,0,0px,0px;y:0,0,0px,0px;\"\n\t\t\t\t\t\t\t\tdata-frame_1=\"x:0,0,0px,0px;y:0,0,0px,0px;\"\n\t\t\t\t\t\t\t\tdata-frame_999=\"o:0;st:w;sR:4700;\"\n\t\t\t\t\t\t\t\tdata-frame_hover=\"c:#fff;bgc:#fcc426;bor:0px,0px,0px,0px;sp:200;e:power1.inOut;\"\n\t\t\t\t\t\t\t\tstyle=\"z-index:8;background-color:#71a95e;font-family:'Montserrat';text-transform:uppercase;\"\n\t\t\t\t\t\t\t>LEARN MORE \n\t\t\t\t\t\t\t<\/a><!--\n\n\t\t\t\t\t\t\t--><rs-layer\n\t\t\t\t\t\t\t\tid=\"slider-1-slide-6-layer-18\" \n\t\t\t\t\t\t\t\tdata-type=\"image\"\n\t\t\t\t\t\t\t\tdata-rsp_ch=\"on\"\n\t\t\t\t\t\t\t\tdata-text=\"w:normal;s:20,20,7,6;l:0,0,9,8;\"\n\t\t\t\t\t\t\t\tdata-dim=\"w:[&#039;100%&#039;,&#039;100%&#039;,&#039;100%&#039;,&#039;100%&#039;];h:[&#039;100%&#039;,&#039;100%&#039;,&#039;100%&#039;,&#039;100%&#039;];\"\n\t\t\t\t\t\t\t\tdata-vbility=\"t,t,f,f\"\n\t\t\t\t\t\t\t\tdata-frame_999=\"o:0;st:w;\"\n\t\t\t\t\t\t\t\tstyle=\"z-index:6;\"\n\t\t\t\t\t\t\t><img decoding=\"async\" src=\"\/\/ecam.org.br\/wp-content\/plugins\/revslider\/sr6\/assets\/assets\/dummy.png\" alt=\"\" class=\"tp-rs-img rs-lazyload\" width=\"1920\" height=\"853\" data-lazyload=\"\/\/ecam.org.br\/wp-content\/uploads\/2025\/04\/Banner-3.png\" data-c=\"cover\" data-no-retina> \n\t\t\t\t\t\t\t<\/rs-layer><!--\n\n\t\t\t\t\t\t\t--><rs-layer\n\t\t\t\t\t\t\t\tid=\"slider-1-slide-6-layer-25\" \n\t\t\t\t\t\t\t\tdata-type=\"image\"\n\t\t\t\t\t\t\t\tdata-rsp_ch=\"on\"\n\t\t\t\t\t\t\t\tdata-xy=\"xo:93px,93px,0,0;yo:170px,170px,0,0;\"\n\t\t\t\t\t\t\t\tdata-text=\"w:normal;\"\n\t\t\t\t\t\t\t\tdata-dim=\"w:[&#039;100%&#039;,&#039;100%&#039;,&#039;100%&#039;,&#039;100%&#039;];h:[&#039;100%&#039;,&#039;100%&#039;,&#039;100%&#039;,&#039;100%&#039;];\"\n\t\t\t\t\t\t\t\tdata-vbility=\"f,f,t,t\"\n\t\t\t\t\t\t\t\tdata-frame_999=\"o:0;st:w;\"\n\t\t\t\t\t\t\t\tstyle=\"z-index:7;\"\n\t\t\t\t\t\t\t><img decoding=\"async\" src=\"\/\/ecam.org.br\/wp-content\/plugins\/revslider\/sr6\/assets\/assets\/dummy.png\" alt=\"\" class=\"tp-rs-img rs-lazyload\" width=\"720\" height=\"853\" data-lazyload=\"\/\/ecam.org.br\/wp-content\/uploads\/2025\/04\/Banne-3-720.png\" data-c=\"cover\" data-no-retina> \n\t\t\t\t\t\t\t<\/rs-layer><!--\n-->\t\t\t\t\t<\/rs-slide>\n\t\t\t\t\t<\/rs-slides>\n\t\t\t\t<\/rs-module>\n\t\t\t\t<script>\n\t\t\t\t\tsetREVStartSize({c: 'rev_slider_1_1',rl:[1240,1240,778,480],el:[900,900,960,853],gw:[1920,1920,778,720],gh:[900,900,960,853],type:'standard',justify:'',layout:'fullwidth',mh:\"0\"});if (window.RS_MODULES!==undefined && window.RS_MODULES.modules!==undefined && window.RS_MODULES.modules[\"revslider11\"]!==undefined) {window.RS_MODULES.modules[\"revslider11\"].once = false;window.revapi1 = undefined;if (window.RS_MODULES.checkMinimal!==undefined) window.RS_MODULES.checkMinimal()}\n\t\t\t\t<\/script>\n\t\t\t<\/rs-module-wrap>\n\t\t\t<!-- END REVOLUTION SLIDER -->\n<\/div><\/div><\/div><\/div><section id=\"boxSobreNos\" class=\"vc_section boxSobreNos vc_custom_1573608955011 vc_section-has-fill\"><div class=\"vc_row wpb_row vc_row-fluid container-fluid vc_custom_1573610432792 vc_column-gap-30\"><div class=\"wpb_column vc_column_container vc_col-sm-6\"><div class=\"vc_column-inner\"><div class=\"wpb_wrapper\">\n\t<div class=\"wpb_text_column wpb_content_element\" >\n\t\t<div class=\"wpb_wrapper\">\n\t\t\t<h2>About us<\/h2>\n\n\t\t<\/div>\n\t<\/div>\n<div class=\"vc_empty_space\"   style=\"height: 30px\"><span class=\"vc_empty_space_inner\"><\/span><\/div>\n\t<div class=\"wpb_text_column wpb_content_element\" >\n\t\t<div class=\"wpb_wrapper\">\n\t\t\t<p>For 25 years, Ecam has been building bridges between socioeconomic development and environmental conservation, transforming the realities of traditional communities and driving a legacy of sustainability in Brazil. Our journey began with researchers passionate about the Amazon and has now evolved into an innovation network that integrates ancestral knowledge, cutting-edge technology and strategic partnerships to generate impact on a global scale.<\/p>\n<p>We combine decades of field experience with a bold vision of the future, where human progress and planetary health coexist.<\/p>\n<p><strong>Local Solution, Global Impact<\/strong><\/p>\n<p>At Ecam, we do not believe in ready-made formulas. We believe in people, in dialogue and in the ability to reinvent tomorrow. That is why each initiative we build carries a unique DNA: technology at the service of life, an economy that regenerates, and local voices guiding global change.<\/p>\n<p><em><a href=\"https:\/\/ecam.org.br\/en\/home\/attachment\/estatuto-ecam-2\/\" rel=\"attachment wp-att-7139\">Ecam Statute<\/a><\/em><\/p>\n<p><em><a href=\"https:\/\/ecam.org.br\/wp-content\/uploads\/2025\/04\/Membros-Conselho-Ecam.pdf\" rel=\"attachment wp-att-7161\">Ecam Board Members<\/a><\/em><\/p>\n<p><strong>Let&#039;s co-create the next chapter of this story?<\/strong><\/p>\n<p>Explore our cases, learn about our impact metrics and discover how your organization can be part of this network in <a href=\"https:\/\/ecam.org.br\/en\/nossa-atuacao\/\">Services<\/a>.<\/p>\n\n\t\t<\/div>\n\t<\/div>\n<\/div><\/div><\/div><div class=\"wpb_column vc_column_container vc_col-sm-6\"><div class=\"vc_column-inner\"><div class=\"wpb_wrapper\"><div class=\"vc_empty_space\"   style=\"height: 20px\"><span class=\"vc_empty_space_inner\"><\/span><\/div>\n\t<div  class=\"wpb_single_image wpb_content_element vc_align_center wpb_content_element vc_custom_1740058171874\">\n\t\t\n\t\t<figure class=\"wpb_wrapper vc_figure\">\n\t\t\t<div class=\"vc_single_image-wrapper   vc_box_border_grey\"><img loading=\"lazy\" decoding=\"async\" width=\"798\" height=\"611\" src=\"https:\/\/ecam.org.br\/wp-content\/uploads\/2025\/02\/IMAGEM-ECAM.png\" class=\"vc_single_image-img attachment-full\" alt=\"\" title=\"ECAM IMAGE\" srcset=\"https:\/\/ecam.org.br\/wp-content\/uploads\/2025\/02\/IMAGEM-ECAM.png 798w, https:\/\/ecam.org.br\/wp-content\/uploads\/2025\/02\/IMAGEM-ECAM-300x230.png 300w, https:\/\/ecam.org.br\/wp-content\/uploads\/2025\/02\/IMAGEM-ECAM-768x588.png 768w\" sizes=\"auto, (max-width: 798px) 100vw, 798px\" \/><\/div>\n\t\t<\/figure>\n\t<\/div>\n<\/div><\/div><\/div><\/div><div class=\"vc_row wpb_row vc_row-fluid vc_row-o-content-bottom vc_row-flex\"><div class=\"wpb_column vc_column_container vc_col-sm-12\"><div class=\"vc_column-inner\"><div class=\"wpb_wrapper\"><div class=\"vc_separator wpb_content_element vc_separator_align_center vc_sep_width_100 vc_sep_border_width_10 vc_sep_pos_align_center vc_separator_no_text vc_sep_color_orange vc_custom_1740148249645 wpb_content_element  vc_custom_1740148249645 wpb_content_element\" ><span class=\"vc_sep_holder vc_sep_holder_l\"><span class=\"vc_sep_line\"><\/span><\/span><span class=\"vc_sep_holder vc_sep_holder_r\"><span class=\"vc_sep_line\"><\/span><\/span>\n<\/div><\/div><\/div><\/div><\/div><\/section><section id=\"boxIniciativas\" data-vc-full-width=\"true\" data-vc-full-width-init=\"false\" class=\"vc_section boxIniciativas vc_custom_1740601244805 vc_section-has-fill vc_section-o-content-top vc_section-flex\"><div class=\"vc_row wpb_row vc_row-fluid container-fluid vc_custom_1740148234703 vc_column-gap-30\"><div class=\"wpb_column vc_column_container vc_col-sm-6\"><div class=\"vc_column-inner\"><div class=\"wpb_wrapper\">\n\t<div class=\"wpb_text_column wpb_content_element\" >\n\t\t<div class=\"wpb_wrapper\">\n\t\t\t<p style=\"text-align: left;\">Future of Carbon<\/p>\n\n\t\t<\/div>\n\t<\/div>\n<div class=\"vc_empty_space\"   style=\"height: 32px\"><span class=\"vc_empty_space_inner\"><\/span><\/div>\n\t<div class=\"wpb_text_column wpb_content_element\" >\n\t\t<div class=\"wpb_wrapper\">\n\t\t\t<p style=\"text-align: left;\">Ecam empowers communities, leaders and social projects to access the carbon market, connecting them to investors committed to sustainability. With expertise in Territorial Mapping and Management, Community Training, Technology, Economic Sustainability and Advocacy, we ensure that each project generates a real positive impact for communities and the environment.<\/p>\n\n\t\t<\/div>\n\t<\/div>\n<div class=\"vc_empty_space\"   style=\"height: 30px\"><span class=\"vc_empty_space_inner\"><\/span><\/div><div class=\"vc_btn3-container vc_btn3-left vc_do_btn\" ><a style=\"background-color:#71A95E; color:#1E1E1E;\" class=\"vc_general vc_btn3 vc_btn3-size-md vc_btn3-shape-square vc_btn3-style-custom\" href=\"https:\/\/carbonosocial.ecam.org.br\/\" title=\"\" target=\"_blank\">GET IN TOUCH<\/a><\/div><\/div><\/div><\/div><div class=\"wpb_column vc_column_container vc_col-sm-6\"><div class=\"vc_column-inner\"><div class=\"wpb_wrapper\">\n\t<div  class=\"wpb_single_image wpb_content_element vc_align_right wpb_content_element\">\n\t\t\n\t\t<figure class=\"wpb_wrapper vc_figure\">\n\t\t\t<div class=\"vc_single_image-wrapper   vc_box_border_grey\"><img loading=\"lazy\" decoding=\"async\" width=\"709\" height=\"102\" src=\"https:\/\/ecam.org.br\/wp-content\/uploads\/2025\/05\/Group-22.png\" class=\"vc_single_image-img attachment-full\" alt=\"\" title=\"Group 22\" srcset=\"https:\/\/ecam.org.br\/wp-content\/uploads\/2025\/05\/Group-22.png 709w, https:\/\/ecam.org.br\/wp-content\/uploads\/2025\/05\/Group-22-300x43.png 300w, https:\/\/ecam.org.br\/wp-content\/uploads\/2025\/05\/Group-22-18x3.png 18w\" sizes=\"auto, (max-width: 709px) 100vw, 709px\" \/><\/div>\n\t\t<\/figure>\n\t<\/div>\n<div class=\"vc_empty_space\"   style=\"height: 32px\"><span class=\"vc_empty_space_inner\"><\/span><\/div>\n\t<div  class=\"wpb_single_image wpb_content_element vc_align_right wpb_content_element\">\n\t\t\n\t\t<figure class=\"wpb_wrapper vc_figure\">\n\t\t\t<div class=\"vc_single_image-wrapper   vc_box_border_grey\"><img loading=\"lazy\" decoding=\"async\" width=\"704\" height=\"87\" src=\"https:\/\/ecam.org.br\/wp-content\/uploads\/2025\/05\/Group-23.png\" class=\"vc_single_image-img attachment-full\" alt=\"\" title=\"Group 23\" srcset=\"https:\/\/ecam.org.br\/wp-content\/uploads\/2025\/05\/Group-23.png 704w, https:\/\/ecam.org.br\/wp-content\/uploads\/2025\/05\/Group-23-300x37.png 300w, https:\/\/ecam.org.br\/wp-content\/uploads\/2025\/05\/Group-23-18x2.png 18w\" sizes=\"auto, (max-width: 704px) 100vw, 704px\" \/><\/div>\n\t\t<\/figure>\n\t<\/div>\n<div class=\"vc_empty_space\"   style=\"height: 32px\"><span class=\"vc_empty_space_inner\"><\/span><\/div>\n\t<div  class=\"wpb_single_image wpb_content_element vc_align_right wpb_content_element\">\n\t\t\n\t\t<figure class=\"wpb_wrapper vc_figure\">\n\t\t\t<div class=\"vc_single_image-wrapper   vc_box_border_grey\"><img loading=\"lazy\" decoding=\"async\" width=\"705\" height=\"105\" src=\"https:\/\/ecam.org.br\/wp-content\/uploads\/2025\/05\/Group-24.png\" class=\"vc_single_image-img attachment-full\" alt=\"\" title=\"Group 24\" srcset=\"https:\/\/ecam.org.br\/wp-content\/uploads\/2025\/05\/Group-24.png 705w, https:\/\/ecam.org.br\/wp-content\/uploads\/2025\/05\/Group-24-300x49.png 300w, https:\/\/ecam.org.br\/wp-content\/uploads\/2025\/05\/Group-24-18x3.png 18w\" sizes=\"auto, (max-width: 705px) 100vw, 705px\" \/><\/div>\n\t\t<\/figure>\n\t<\/div>\n<div class=\"vc_empty_space\"   style=\"height: 32px\"><span class=\"vc_empty_space_inner\"><\/span><\/div>\n\t<div  class=\"wpb_single_image wpb_content_element vc_align_right wpb_content_element\">\n\t\t\n\t\t<figure class=\"wpb_wrapper vc_figure\">\n\t\t\t<div class=\"vc_single_image-wrapper   vc_box_border_grey\"><img loading=\"lazy\" decoding=\"async\" width=\"708\" height=\"110\" src=\"https:\/\/ecam.org.br\/wp-content\/uploads\/2025\/05\/Group-25.png\" class=\"vc_single_image-img attachment-full\" alt=\"\" title=\"Group 25\" srcset=\"https:\/\/ecam.org.br\/wp-content\/uploads\/2025\/05\/Group-25.png 708w, https:\/\/ecam.org.br\/wp-content\/uploads\/2025\/05\/Group-25-300x47.png 300w, https:\/\/ecam.org.br\/wp-content\/uploads\/2025\/05\/Group-25-18x3.png 18w\" sizes=\"auto, (max-width: 708px) 100vw, 708px\" \/><\/div>\n\t\t<\/figure>\n\t<\/div>\n<\/div><\/div><\/div><\/div><\/section><div class=\"vc_row-full-width vc_clearfix\"><\/div><div class=\"vc_row wpb_row vc_row-fluid\"><div class=\"wpb_column vc_column_container vc_col-sm-12\"><div class=\"vc_column-inner\"><div class=\"wpb_wrapper\"><div class=\"vc_separator wpb_content_element vc_separator_align_center vc_sep_width_100 vc_sep_border_width_10 vc_sep_pos_align_center vc_separator_no_text vc_custom_1740148418963 wpb_content_element  vc_custom_1740148418963 wpb_content_element\" ><span class=\"vc_sep_holder vc_sep_holder_l\"><span style=\"border-color:#71A95E;\" class=\"vc_sep_line\"><\/span><\/span><span class=\"vc_sep_holder vc_sep_holder_r\"><span style=\"border-color:#71A95E;\" class=\"vc_sep_line\"><\/span><\/span>\n<\/div><\/div><\/div><\/div><\/div>\n<\/div>","protected":false},"excerpt":{"rendered":"Solu\u00e7\u00e3o local, com impacto global. Conhe\u00e7a a Ecam. SAIBA MAIS SAIBA MAIS Em 25 anos, transformamos muitas vidas. Afinal, o que \u00e9 o mercado de carbono? SAIBA MAIS Sobre n\u00f3s H\u00e1 25 anos, a Ecam constr\u00f3i pontes entre o desenvolvimento socioecon\u00f4mico e a conserva\u00e7\u00e3o ambiental, transformando realidades de comunidades tradicionais e impulsionando um legado de [...]","protected":false},"author":2,"featured_media":0,"parent":0,"menu_order":4,"comment_status":"open","ping_status":"open","template":"page-home.php","meta":{"_acf_changed":false,"footnotes":""},"class_list":["post-30","page","type-page","status-publish","hentry"],"acf":[],"post_mailing_queue_ids":[],"_links":{"self":[{"href":"https:\/\/ecam.org.br\/en\/wp-json\/wp\/v2\/pages\/30","targetHints":{"allow":["GET"]}}],"collection":[{"href":"https:\/\/ecam.org.br\/en\/wp-json\/wp\/v2\/pages"}],"about":[{"href":"https:\/\/ecam.org.br\/en\/wp-json\/wp\/v2\/types\/page"}],"author":[{"embeddable":true,"href":"https:\/\/ecam.org.br\/en\/wp-json\/wp\/v2\/users\/2"}],"replies":[{"embeddable":true,"href":"https:\/\/ecam.org.br\/en\/wp-json\/wp\/v2\/comments?post=30"}],"version-history":[{"count":56,"href":"https:\/\/ecam.org.br\/en\/wp-json\/wp\/v2\/pages\/30\/revisions"}],"predecessor-version":[{"id":35308,"href":"https:\/\/ecam.org.br\/en\/wp-json\/wp\/v2\/pages\/30\/revisions\/35308"}],"wp:attachment":[{"href":"https:\/\/ecam.org.br\/en\/wp-json\/wp\/v2\/media?parent=30"}],"curies":[{"name":"wp","href":"https:\/\/api.w.org\/{rel}","templated":true}]}}