{"id":36,"date":"2015-03-13T16:48:35","date_gmt":"2015-03-13T16:48:35","guid":{"rendered":"http:\/\/dupladinamica.com.br\/?page_id=36"},"modified":"2015-03-13T16:48:35","modified_gmt":"2015-03-13T16:48:35","slug":"publicacoes","status":"publish","type":"page","link":"https:\/\/ecam.org.br\/en\/publicacoes\/","title":{"rendered":"Publications"},"content":{"rendered":"<p>O trabalho com as comunidades deve caminhar lado a lado com a conserva\u00e7\u00e3o do meio ambiente. Isso para que esses povos possam lidar com a sociedade envolvente na defesa de seus direitos territoriais, pol\u00edticos e culturais. A Equipe de Conserva\u00e7\u00e3o da Amaz\u00f4nia &#8211; ACT Brasil &#8211; criou um programa de publica\u00e7\u00f5es que inclui a divulga\u00e7\u00e3o de experi\u00eancias de campo, narrativas e contos tradicionais, publica\u00e7\u00e3o de dados e estat\u00edsticas e materiais que contribuam com a defesa dos direitos ind\u00edgenas e conserva\u00e7\u00e3o do meio ambiente.<\/p>","protected":false},"excerpt":{"rendered":"<p>O trabalho com as comunidades deve caminhar lado a lado com a conserva\u00e7\u00e3o do meio ambiente. Isso para que esses povos possam lidar com a sociedade envolvente na defesa de seus direitos territoriais, pol\u00edticos e culturais. A Equipe de Conserva\u00e7\u00e3o da Amaz\u00f4nia &#8211; ACT Brasil &#8211; criou um programa de publica\u00e7\u00f5es que inclui a divulga\u00e7\u00e3o [&hellip;]<\/p>","protected":false},"author":2,"featured_media":0,"parent":0,"menu_order":8,"comment_status":"open","ping_status":"closed","template":"publicacoes-modelo.php","meta":{"_acf_changed":false,"footnotes":""},"class_list":["post-36","page","type-page","status-publish","hentry"],"acf":[],"post_mailing_queue_ids":[],"_links":{"self":[{"href":"https:\/\/ecam.org.br\/en\/wp-json\/wp\/v2\/pages\/36","targetHints":{"allow":["GET"]}}],"collection":[{"href":"https:\/\/ecam.org.br\/en\/wp-json\/wp\/v2\/pages"}],"about":[{"href":"https:\/\/ecam.org.br\/en\/wp-json\/wp\/v2\/types\/page"}],"author":[{"embeddable":true,"href":"https:\/\/ecam.org.br\/en\/wp-json\/wp\/v2\/users\/2"}],"replies":[{"embeddable":true,"href":"https:\/\/ecam.org.br\/en\/wp-json\/wp\/v2\/comments?post=36"}],"version-history":[{"count":0,"href":"https:\/\/ecam.org.br\/en\/wp-json\/wp\/v2\/pages\/36\/revisions"}],"wp:attachment":[{"href":"https:\/\/ecam.org.br\/en\/wp-json\/wp\/v2\/media?parent=36"}],"curies":[{"name":"wp","href":"https:\/\/api.w.org\/{rel}","templated":true}]}}